{"id":74,"date":"2019-01-22T10:32:52","date_gmt":"2019-01-22T10:32:52","guid":{"rendered":"https:\/\/listeosetupwiz.wpengine.com\/?page_id=861"},"modified":"2019-01-22T10:32:52","modified_gmt":"2019-01-22T10:32:52","slug":"claim-listing","status":"publish","type":"page","link":"https:\/\/bizzow.se\/sv\/claim-listing\/","title":{"rendered":"Reklamation"},"content":{"rendered":"<div data-elementor-type=\"wp-page\" data-elementor-id=\"74\" class=\"elementor elementor-74\" data-elementor-post-type=\"page\">\n\t\t\t\t\t\t\t\t\t<section class=\"elementor-section elementor-top-section elementor-element elementor-element-4b557aef elementor-section-boxed elementor-section-height-default elementor-section-height-default\" data-id=\"4b557aef\" data-element_type=\"section\">\n\t\t\t\t\t\t<div class=\"elementor-container elementor-column-gap-default\">\n\t\t\t\t\t<div class=\"elementor-column elementor-col-100 elementor-top-column elementor-element elementor-element-78888eac\" data-id=\"78888eac\" data-element_type=\"column\">\n\t\t\t<div class=\"elementor-widget-wrap elementor-element-populated\">\n\t\t\t\t\t\t\t\t<div class=\"elementor-element elementor-element-0ebd8c2 elementor-widget elementor-widget-heading\" data-id=\"0ebd8c2\" data-element_type=\"widget\" data-widget_type=\"heading.default\">\n\t\t\t\t<div class=\"elementor-widget-container\">\n\t\t\t<h2 class=\"elementor-heading-title elementor-size-default\">Fyll i det h\u00e4r formul\u00e4ret f\u00f6r att g\u00f6ra anspr\u00e5k p\u00e5 din f\u00f6retagsinformation<\/h2>\t\t<\/div>\n\t\t\t\t<\/div>\n\t\t\t\t<div class=\"elementor-element elementor-element-5df7612b elementor-widget elementor-widget-text-editor\" data-id=\"5df7612b\" data-element_type=\"widget\" data-widget_type=\"text-editor.default\">\n\t\t\t\t<div class=\"elementor-widget-container\">\n\t\t\t\t\t\t\t<p>[contact-form-7 id=&#8221;61&#8243; title=&#8221;Claim Listing&#8221;]<\/p>\t\t\t\t\t\t<\/div>\n\t\t\t\t<\/div>\n\t\t\t\t\t<\/div>\n\t\t<\/div>\n\t\t\t\t\t\t\t<\/div>\n\t\t<\/section>\n\t\t\t\t\t\t\t<\/div>","protected":false},"excerpt":{"rendered":"<p>Fill out this form to claim your business listing [contact-form-7 id=&#8221;61&#8243; title=&#8221;Claim Listing&#8221;]<\/p>","protected":false},"author":1,"featured_media":0,"parent":0,"menu_order":0,"comment_status":"closed","ping_status":"closed","template":"","meta":{"footnotes":""},"class_list":["post-74","page","type-page","status-publish","hentry"],"_links":{"self":[{"href":"https:\/\/bizzow.se\/sv\/wp-json\/wp\/v2\/pages\/74","targetHints":{"allow":["GET"]}}],"collection":[{"href":"https:\/\/bizzow.se\/sv\/wp-json\/wp\/v2\/pages"}],"about":[{"href":"https:\/\/bizzow.se\/sv\/wp-json\/wp\/v2\/types\/page"}],"author":[{"embeddable":true,"href":"https:\/\/bizzow.se\/sv\/wp-json\/wp\/v2\/users\/1"}],"replies":[{"embeddable":true,"href":"https:\/\/bizzow.se\/sv\/wp-json\/wp\/v2\/comments?post=74"}],"version-history":[{"count":0,"href":"https:\/\/bizzow.se\/sv\/wp-json\/wp\/v2\/pages\/74\/revisions"}],"wp:attachment":[{"href":"https:\/\/bizzow.se\/sv\/wp-json\/wp\/v2\/media?parent=74"}],"curies":[{"name":"wp","href":"https:\/\/api.w.org\/{rel}","templated":true}]}}